{"id":463,"date":"2018-02-07T15:41:00","date_gmt":"2018-02-07T15:41:00","guid":{"rendered":"http:\/\/164.132.103.141\/?page_id=463"},"modified":"2018-11-04T13:26:10","modified_gmt":"2018-11-04T13:26:10","slug":"politica-de-cookies","status":"publish","type":"page","link":"https:\/\/www.autoescuelaeuropaterna.es\/ca\/politica-de-cookies\/","title":{"rendered":"POL\u00cdTICA DE COOKIES"},"content":{"rendered":"<p><\/p>\n<h2>POL\u00cdTICA DE COOKIES<\/h2>\n<p>D\u2019acord amb la normativa vigent, facilitem als usuaris la informaci\u00f3 relativa a les cookies que\u00a0utilitzem i el motiu del seu \u00fas en el lloc web www.autoescuelaeuropaterna.es (des d\u2019ara referit\u00a0com AUTOESCUELA EUROPATERNA S.L.), aix\u00ed com demanem el consentiment per poder\u00a0utilitzar-les.<\/p>\n<p>AUTOESCUELA EUROPATERNA S.L., igual que la majoria dels llocs a Internet, fa servir Cookies\u00a0per a millorar i optimitzar l\u2019experi\u00e8ncia de l\u2019usuari. A continuaci\u00f3 trobar\u00e0s informaci\u00f3 detallada\u00a0sobre qu\u00e8 s\u00f3n les \u201cCookies\u201d, quina tipologia utilitza AUTOESCUELA EUROPATERNA S.L., com\u00a0pots desactivar-les en el teu navegador i com bloquejar espec\u00edficament la instal\u00b7laci\u00f3 de\u00a0Cookies de tercers.<\/p>\n<h4>\u00bfQU\u00c8 SON LES COOKIES I COM LES UTILITZA AUTOESCUELA EUROPATERNA S.L.?<\/h4>\n<p>Les cookies s\u00f3n arxius menuts que el lloc web o l\u2019aplicaci\u00f3 que utilitzes instal\u00b7la al teu\u00a0navegador o al teu dispositiu (Smartphone, tablet o televisi\u00f3 connectada) durant el teu\u00a0recorregut per les p\u00e0gines o per l\u2019aplicaci\u00f3, i serveixen per emmagatzemar informaci\u00f3 de la\u00a0teua visita. Com la majoria dels llocs a internet, AUTOESCUELA EUROPATERNA S.L. utilitza\u00a0cookies per:<\/p>\n<p>&#8211; Assegurar que les p\u00e0gines web puguen funcionar correctament.<\/p>\n<p>&#8211; Emmagatzemar les teues prefer\u00e8ncies, com l\u2019idioma que has seleccionat o la mida de\u00a0la lletra.<\/p>\n<p>&#8211; Con\u00e8ixer l\u2019experi\u00e8ncia de navegaci\u00f3.<\/p>\n<p>&#8211; Recopilar informaci\u00f3 estad\u00edstica an\u00f2nima, com quines p\u00e0gines ha vist l\u2019usuari o quant<br \/>\nde temps ha estat en els nostres mitjans.<\/p>\n<h4>AUTOESCUELA EUROPATERNA S.L. utilitza Cookies per funcionar, adaptar i facilitar al m\u00e0xim\u00a0la navegaci\u00f3 de l\u2019Usuari.<\/h4>\n<p>Les cookies s\u2019associen \u00fanicament a un usuari an\u00f2nim i el seu ordinador\/dispositiu i no\u00a0proporcionen refer\u00e8ncies que permeten con\u00e8ixer dades personals. En tot moment podr\u00e0s\u00a0accedir a la configuraci\u00f3 del teu navegador per a modificar i\/o bloquejar la instal\u00b7laci\u00f3 de les\u00a0cookies enviades per AUTOESCUELA EUROPATERNA S.L., sense que aix\u00f2 impedeixca l\u2019acc\u00e9s als\u00a0continguts. No obstant aix\u00f2, la qualitat del funcionament del serveis es pot veure afectada.<\/p>\n<h4>\u00bfPER QU\u00c8 S\u00d3N IMPORTANTS?<\/h4>\n<p>&#8211; Des d\u2019un punt de vista t\u00e8cnic, permeten que els llocs web funcionen de forma m\u00e9s \u00e0gil\u00a0i adaptada a les prefer\u00e8ncies dels usuaris, com ara emmagatzemar l\u2019idioma, la moneda\u00a0del pa\u00eds o detectar els dispositius d\u2019acc\u00e9s.<\/p>\n<p>&#8211; Estableixen nivells de protecci\u00f3 i seguretat que impedeixen o dificulten ciberatacs\u00a0contra AUTOESCUELA EUROPATERNA S.L. o els seus usuaris.<\/p>\n<p>&#8211; Permeten que els gestors dels mitjans puguen con\u00e8ixer dades estad\u00edstiques\u00a0recopilades a les cookies per a millorar la qualitat i experi\u00e8ncia dels seus serveis.<\/p>\n<p>&#8211; Poden servir per optimitzar la publicitat que mostrem en el portal i per personlitzar la<br \/>\npublicitat d\u2019acord amb els h\u00e0bits de navegaci\u00f3 dels usuaris.<\/p>\n<h4>\u00bfQUINS S\u00d3N ELS DIFERENTS TIPUS DE COOKIES QUE UTILITZA AUTOESCUELA EUROPATERNA,\u00a0S.L.?<\/h4>\n<p>&#8211; Les <strong>cookies de sessi\u00f3<\/strong> expiren quan l\u2019usuari abandona la p\u00e0gina o tanca el navegador, \u00e9s a dir,\u00a0estan actives mentre dura la visita a AUTOESCUELA EUROPATERNA S.L. i per tant s\u00f3n\u00a0esborrades del nostre ordinador al abandonar-lo.<\/p>\n<p>&#8211; Les <strong>cookies persistents<\/strong> s\u00f3n un tipus de cookies en les que les dades segueixen\u00a0emmagatzemades en el terminal i als que es pot accedir i tractar durant un per\u00edode definit pel\u00a0responsable de la cookie, i que pot anar d\u2019uns minuts a diversos anys.<\/p>\n<p>D\u2019altra banda, segons qui siga l\u2019entitat que gestione l\u2019equip o domini des d\u2019on es gestionen les\u00a0cookies i tracte les dades que s\u2019obtinguen, podem distingir entre cookies pr\u00f2pies i de tercers:<\/p>\n<p>&#8211; Les <strong>cookies pr\u00f2pies<\/strong> s\u00f3n aquelles cookies que s\u00f3n associades al teu ordinador i\u00a0gestionades exclusivament per AUTOESCUELA EUROPATERNA S.L. per al millor\u00a0funcionament d\u2019aquest lloc web. La informaci\u00f3 que recaptem s\u2019utilitza per a millorar la\u00a0qualitat del nostre servei.<\/p>\n<p>&#8211; Si interactues amb el contingut d\u2019AUTOESCUELA EUROPATERNA, S.L. tamb\u00e9 poden\u00a0establir-se <strong>cookies de tercers<\/strong> (per exemple, en pr\u00e9mer botons de xarxes socials o\u00a0visionar v\u00eddeos allotjats en un altre lloc web), que s\u00f3n aquelles establertes per un\u00a0domini diferent d\u2019AUTOESCUELA EUROPATERNA S.L. Els registres realitzats a les xarxes\u00a0socials i les cookies associades a les mateixes, queden sotmesos a la seua po\u00edtica de\u00a0cookies.<\/p>\n<h4>Navegar per AUTOESCUELA EUROPATERNA, S.L. suposa que es poden instal\u00b7lar els seg\u00fcents\u00a0tipus de Cookies:<\/h4>\n<p><em><strong>T\u00e8cniques (Google; Twitter)<\/strong><\/em><\/p>\n<p>Este tipus de cookies ens facilita informaci\u00f3 sobre l\u2019\u00fas que l\u2019usuari realitza del portal, com per\u00a0exemple, quines p\u00e0gines ha visitat, al registrar-se, quan inicies sessi\u00f3 al portal o si has tingut\u00a0problemes t\u00e8cnics en els accessos a certes p\u00e0gines. Aquestes cookies no permeten identificar-lo, ja que la informaci\u00f3 que recullen \u00e9s an\u00f2nima i ser\u00e0 utilitzada \u00fanicament per a treballs de\u00a0millora de disseny per les p\u00e0gines i de navegaci\u00f3 pel portal, estad\u00edstiques d\u2019\u00fas, etc.<\/p>\n<p>http:\/\/www.google.es\/intl\/es\/policies\/technologies\/types\/<\/p>\n<p>http:\/\/support.twitter.com\/articles\/20170521-el-uso-que-hace-twitter-de-cookies-y-tecnologias-similares#<\/p>\n<p><em><strong>Anal\u00edtiques (Google Analytics)<\/strong><\/em><\/p>\n<p>S\u2019utilitzen amb fins estad\u00edstics \u00fanicament. La informaci\u00f3 s\u2019utilitza per a mesurar l\u2019activitat en el\u00a0lloc web.<\/p>\n<p>https:\/\/developers.google.com\/analytics\/devguides\/collection\/analyticsjs\/cookie-usage<\/p>\n<p><em><strong>De personalitzaci\u00f3 (Facebook)<\/strong><\/em><\/p>\n<p>Este tipus permet personalitzar les funcions o continguts del lloc web en funci\u00f3 de les dades\u00a0obtingudes del navegador. Mitjan\u00e7ant aquestes cookies podem presentar un lloc web en el\u00a0mateix idioma del navegador usat per visitar el web.<\/p>\n<p><a href=\"https:\/\/fbcdn-dragon-a.akamaihd.net\/cfs-ak-prn1\/676572\/857\/360595310676682_183459869.pdf\" target=\"_blank\" rel=\"noopener noreferrer nofollow\">Click to access 360595310676682_183459869.pdf<\/a><\/p>\n<p><em><strong>Publicitaries (Google Adsense)<\/strong><\/em><\/p>\n<p>Permeten una gesti\u00f3 m\u00e9s efica\u00e7 dels espais publicitaris en base a criteris com el contingut\u00a0editat o freq\u00fc\u00e8ncia en qu\u00e8 es mostren els anuncis.<\/p>\n<p>http:\/\/www.google.es\/intl\/es\/policies\/technologies\/types\/<\/p>\n<h4>COM PUC CONFIGURAR ELS MEUS COOKIES?<\/h4>\n<p>Al navegar i continuar en AUTOESCUELA EUROPATERNA S.L. estar\u00e0s consentint l&#8217;\u00fas de les\u00a0cookies a les condicions contingudes en la present pol\u00edtica de cookies. AUTOESCUELA\u00a0EUROPATERNA, S.L. proporciona acc\u00e9s a aquesta pol\u00edtica de cookies amb l&#8217;objectiu que l&#8217;usuari\u00a0estiga informat, i sense perjudici de que aquest puga exercir el dret a bloquejar, eliminar i\u00a0rebutjar l&#8217;\u00fas de cookies en tot moment.<\/p>\n<p>En qualsevol cas t\u2019informem que pots bloquejar-les o deshabilitar-les activant la configuraci\u00f3\u00a0del teu navegador, que et permet rebutjar la instal\u00b7laci\u00f3 de totes les cookies o d&#8217;algunes\u00a0d&#8217;elles. La pr\u00e0ctica majoria dels navegadors permeten advertir de la pres\u00e8ncia de cookies o\u00a0rebutjar-les autom\u00e0ticament. Si les rebutges podr\u00e0s seguir utilitzant aquest lloc web, encara\u00a0que l&#8217;\u00fas d&#8217;alguns dels seus serveis podr\u00e0 ser limitat i per tant la teua experi\u00e8ncia al nostre lloc\u00a0web menys satisfact\u00f2ria.<\/p>\n<p>A continuaci\u00f3 t&#8217;indiquem els links dels principals navegadors i dispositius perqu\u00e8 disposes de\u00a0tota la informaci\u00f3 per consultar com gestionar les cookies al navegador.<\/p>\n<p>Internet Explorer \u2122: http:\/\/windows.microsoft.com\/es-ES\/windows7\/How-to-manage-cookies-in-Internet-Explorer-9<\/p>\n<p>Safari \u2122: http:\/\/support.apple.com\/kb\/HT1677?viewlocale=es_ES<\/p>\n<p>Google Chrome \u2122: https:\/\/support.google.com\/chrome\/answer\/95647?hl=es&amp;amp;hlrm=en<\/p>\n<p>Mozilla Firefox \u2122: http:\/\/support.mozilla.org\/es\/kb\/cookies-informacion-que-los-sitios-web-guardan-en-?redirectlocale=en-US&amp;amp;redirectslug=Cookies<\/p>\n<p>L&#8217;Usuari pot revocar el seu consentiment per a l&#8217;\u00fas de cookies (opt-out), en el seu navegador, a\u00a0trav\u00e9s de la configuraci\u00f3 de les opcions que els navegadors posen a la seua disposici\u00f3 per a\u00a0aquesta finalitat.<\/p>\n<h4>ACTUALITZEM LA NOSTRA POL\u00cdTICA DE COOKIES?<\/h4>\n<p>AUTOESCUELA EUROPATERNA S.L. pot modificar esta pol\u00edtica de cookies en funci\u00f3 de noves\u00a0exig\u00e8ncies legislatives, reglament\u00e0ries, o amb la finalitat d&#8217;adaptar aquesta pol\u00edtica a les instruccions dictades per l&#8217;Ag\u00e8ncia Espanyola de Protecci\u00f3 de Dades.<\/p>\n<p>Per aix\u00f2, \u00e9s possible que actualitzem la pol\u00edtica de cookies del nostre lloc web, recomanan-te\u00a0revisar esta pol\u00edtica en alguna ocasi\u00f3 que accedeixca a AUTOESCUELA EUROPATERNA S.L., amb\u00a0l&#8217;objectiu d&#8217;estar adequadament informat sobre com i per a qu\u00e8 fem servir les cookies.<\/p>","protected":false},"excerpt":{"rendered":"<p>POL\u00cdTICA DE COOKIES D\u2019acord amb la normativa vigent, facilitem als usuaris la informaci\u00f3 relativa a les cookies que\u00a0utilitzem i el motiu del seu \u00fas en el lloc web www.autoescuelaeuropaterna.es (des d\u2019ara referit\u00a0com AUTOESCUELA EUROPATERNA S.L.), aix\u00ed com demanem el consentiment per poder\u00a0utilitzar-les. AUTOESCUELA EUROPATERNA S.L., igual que la majoria dels llocs a Internet, fa servir&hellip; <br \/> <a class=\"button small blue\" href=\"https:\/\/www.autoescuelaeuropaterna.es\/ca\/politica-de-cookies\/\">Read more<\/a><\/p>\n","protected":false},"author":3,"featured_media":0,"parent":0,"menu_order":0,"comment_status":"closed","ping_status":"closed","template":"","meta":{"spay_email":""},"yoast_head":"<!-- This site is optimized with the Yoast SEO plugin v18.2 - https:\/\/yoast.com\/wordpress\/plugins\/seo\/ -->\n<title>POL\u00cdTICA DE COOKIES | AUTOESCUELA EUROPATERNA<\/title>\n<meta name=\"robots\" content=\"index, follow, max-snippet:-1, max-image-preview:large, max-video-preview:-1\" \/>\n<link rel=\"canonical\" href=\"https:\/\/www.autoescuelaeuropaterna.es\/politica-de-cookies\/\" \/>\n<meta property=\"og:locale\" content=\"ca_ES\" \/>\n<meta property=\"og:type\" content=\"article\" \/>\n<meta property=\"og:title\" content=\"POL\u00cdTICA DE COOKIES | AUTOESCUELA EUROPATERNA\" \/>\n<meta property=\"og:description\" content=\"POL\u00cdTICA DE COOKIES D\u2019acord amb la normativa vigent, facilitem als usuaris la informaci\u00f3 relativa a les cookies que\u00a0utilitzem i el motiu del seu \u00fas en el lloc web www.autoescuelaeuropaterna.es (des d\u2019ara referit\u00a0com AUTOESCUELA EUROPATERNA S.L.), aix\u00ed com demanem el consentiment per poder\u00a0utilitzar-les. AUTOESCUELA EUROPATERNA S.L., igual que la majoria dels llocs a Internet, fa servir&hellip; Read more\" \/>\n<meta property=\"og:url\" content=\"https:\/\/www.autoescuelaeuropaterna.es\/politica-de-cookies\/\" \/>\n<meta property=\"og:site_name\" content=\"AUTOESCUELA EUROPATERNA\" \/>\n<meta property=\"article:modified_time\" content=\"2018-11-04T13:26:10+00:00\" \/>\n<meta name=\"twitter:card\" content=\"summary_large_image\" \/>\n<meta name=\"twitter:label1\" content=\"Temps estimat de lectura\" \/>\n\t<meta name=\"twitter:data1\" content=\"13 minuts\" \/>\n<script type=\"application\/ld+json\" class=\"yoast-schema-graph\">{\"@context\":\"https:\/\/schema.org\",\"@graph\":[{\"@type\":\"Organization\",\"@id\":\"https:\/\/www.autoescuelaeuropaterna.es\/ca\/#organization\",\"name\":\"AUTOESCUELA EUROPATERNA S.L\",\"url\":\"https:\/\/www.autoescuelaeuropaterna.es\/ca\/\",\"sameAs\":[],\"logo\":{\"@type\":\"ImageObject\",\"@id\":\"https:\/\/www.autoescuelaeuropaterna.es\/ca\/#logo\",\"inLanguage\":\"ca\",\"url\":\"https:\/\/i0.wp.com\/www.autoescuelaeuropaterna.es\/wp-content\/uploads\/2018\/01\/cropped-logobueno.png?fit=3378%2C1576&ssl=1\",\"contentUrl\":\"https:\/\/i0.wp.com\/www.autoescuelaeuropaterna.es\/wp-content\/uploads\/2018\/01\/cropped-logobueno.png?fit=3378%2C1576&ssl=1\",\"width\":3378,\"height\":1576,\"caption\":\"AUTOESCUELA EUROPATERNA S.L\"},\"image\":{\"@id\":\"https:\/\/www.autoescuelaeuropaterna.es\/ca\/#logo\"}},{\"@type\":\"WebSite\",\"@id\":\"https:\/\/www.autoescuelaeuropaterna.es\/ca\/#website\",\"url\":\"https:\/\/www.autoescuelaeuropaterna.es\/ca\/\",\"name\":\"AUTOESCUELA EUROPATERNA\",\"description\":\"\",\"publisher\":{\"@id\":\"https:\/\/www.autoescuelaeuropaterna.es\/ca\/#organization\"},\"potentialAction\":[{\"@type\":\"SearchAction\",\"target\":{\"@type\":\"EntryPoint\",\"urlTemplate\":\"https:\/\/www.autoescuelaeuropaterna.es\/ca\/?s={search_term_string}\"},\"query-input\":\"required name=search_term_string\"}],\"inLanguage\":\"ca\"},{\"@type\":\"WebPage\",\"@id\":\"https:\/\/www.autoescuelaeuropaterna.es\/politica-de-cookies\/#webpage\",\"url\":\"https:\/\/www.autoescuelaeuropaterna.es\/politica-de-cookies\/\",\"name\":\"POL\u00cdTICA DE COOKIES | AUTOESCUELA EUROPATERNA\",\"isPartOf\":{\"@id\":\"https:\/\/www.autoescuelaeuropaterna.es\/ca\/#website\"},\"datePublished\":\"2018-02-07T15:41:00+00:00\",\"dateModified\":\"2018-11-04T13:26:10+00:00\",\"breadcrumb\":{\"@id\":\"https:\/\/www.autoescuelaeuropaterna.es\/politica-de-cookies\/#breadcrumb\"},\"inLanguage\":\"ca\",\"potentialAction\":[{\"@type\":\"ReadAction\",\"target\":[\"https:\/\/www.autoescuelaeuropaterna.es\/politica-de-cookies\/\"]}]},{\"@type\":\"BreadcrumbList\",\"@id\":\"https:\/\/www.autoescuelaeuropaterna.es\/politica-de-cookies\/#breadcrumb\",\"itemListElement\":[{\"@type\":\"ListItem\",\"position\":1,\"name\":\"Portada\",\"item\":\"https:\/\/www.autoescuelaeuropaterna.es\/ca\/\"},{\"@type\":\"ListItem\",\"position\":2,\"name\":\"POL\u00cdTICA DE COOKIES\"}]}]}<\/script>\n<!-- \/ Yoast SEO plugin. -->","yoast_head_json":{"title":"POL\u00cdTICA DE COOKIES | AUTOESCUELA EUROPATERNA","robots":{"index":"index","follow":"follow","max-snippet":"max-snippet:-1","max-image-preview":"max-image-preview:large","max-video-preview":"max-video-preview:-1"},"canonical":"https:\/\/www.autoescuelaeuropaterna.es\/politica-de-cookies\/","og_locale":"ca_ES","og_type":"article","og_title":"POL\u00cdTICA DE COOKIES | AUTOESCUELA EUROPATERNA","og_description":"POL\u00cdTICA DE COOKIES D\u2019acord amb la normativa vigent, facilitem als usuaris la informaci\u00f3 relativa a les cookies que\u00a0utilitzem i el motiu del seu \u00fas en el lloc web www.autoescuelaeuropaterna.es (des d\u2019ara referit\u00a0com AUTOESCUELA EUROPATERNA S.L.), aix\u00ed com demanem el consentiment per poder\u00a0utilitzar-les. AUTOESCUELA EUROPATERNA S.L., igual que la majoria dels llocs a Internet, fa servir&hellip; Read more","og_url":"https:\/\/www.autoescuelaeuropaterna.es\/politica-de-cookies\/","og_site_name":"AUTOESCUELA EUROPATERNA","article_modified_time":"2018-11-04T13:26:10+00:00","twitter_card":"summary_large_image","twitter_misc":{"Temps estimat de lectura":"13 minuts"},"schema":{"@context":"https:\/\/schema.org","@graph":[{"@type":"Organization","@id":"https:\/\/www.autoescuelaeuropaterna.es\/ca\/#organization","name":"AUTOESCUELA EUROPATERNA S.L","url":"https:\/\/www.autoescuelaeuropaterna.es\/ca\/","sameAs":[],"logo":{"@type":"ImageObject","@id":"https:\/\/www.autoescuelaeuropaterna.es\/ca\/#logo","inLanguage":"ca","url":"https:\/\/i0.wp.com\/www.autoescuelaeuropaterna.es\/wp-content\/uploads\/2018\/01\/cropped-logobueno.png?fit=3378%2C1576&ssl=1","contentUrl":"https:\/\/i0.wp.com\/www.autoescuelaeuropaterna.es\/wp-content\/uploads\/2018\/01\/cropped-logobueno.png?fit=3378%2C1576&ssl=1","width":3378,"height":1576,"caption":"AUTOESCUELA EUROPATERNA S.L"},"image":{"@id":"https:\/\/www.autoescuelaeuropaterna.es\/ca\/#logo"}},{"@type":"WebSite","@id":"https:\/\/www.autoescuelaeuropaterna.es\/ca\/#website","url":"https:\/\/www.autoescuelaeuropaterna.es\/ca\/","name":"AUTOESCUELA EUROPATERNA","description":"","publisher":{"@id":"https:\/\/www.autoescuelaeuropaterna.es\/ca\/#organization"},"potentialAction":[{"@type":"SearchAction","target":{"@type":"EntryPoint","urlTemplate":"https:\/\/www.autoescuelaeuropaterna.es\/ca\/?s={search_term_string}"},"query-input":"required name=search_term_string"}],"inLanguage":"ca"},{"@type":"WebPage","@id":"https:\/\/www.autoescuelaeuropaterna.es\/politica-de-cookies\/#webpage","url":"https:\/\/www.autoescuelaeuropaterna.es\/politica-de-cookies\/","name":"POL\u00cdTICA DE COOKIES | AUTOESCUELA EUROPATERNA","isPartOf":{"@id":"https:\/\/www.autoescuelaeuropaterna.es\/ca\/#website"},"datePublished":"2018-02-07T15:41:00+00:00","dateModified":"2018-11-04T13:26:10+00:00","breadcrumb":{"@id":"https:\/\/www.autoescuelaeuropaterna.es\/politica-de-cookies\/#breadcrumb"},"inLanguage":"ca","potentialAction":[{"@type":"ReadAction","target":["https:\/\/www.autoescuelaeuropaterna.es\/politica-de-cookies\/"]}]},{"@type":"BreadcrumbList","@id":"https:\/\/www.autoescuelaeuropaterna.es\/politica-de-cookies\/#breadcrumb","itemListElement":[{"@type":"ListItem","position":1,"name":"Portada","item":"https:\/\/www.autoescuelaeuropaterna.es\/ca\/"},{"@type":"ListItem","position":2,"name":"POL\u00cdTICA DE COOKIES"}]}]}},"jetpack_sharing_enabled":true,"jetpack_shortlink":"https:\/\/wp.me\/PaiNOW-7t","_links":{"self":[{"href":"https:\/\/www.autoescuelaeuropaterna.es\/ca\/wp-json\/wp\/v2\/pages\/463"}],"collection":[{"href":"https:\/\/www.autoescuelaeuropaterna.es\/ca\/wp-json\/wp\/v2\/pages"}],"about":[{"href":"https:\/\/www.autoescuelaeuropaterna.es\/ca\/wp-json\/wp\/v2\/types\/page"}],"author":[{"embeddable":true,"href":"https:\/\/www.autoescuelaeuropaterna.es\/ca\/wp-json\/wp\/v2\/users\/3"}],"replies":[{"embeddable":true,"href":"https:\/\/www.autoescuelaeuropaterna.es\/ca\/wp-json\/wp\/v2\/comments?post=463"}],"version-history":[{"count":2,"href":"https:\/\/www.autoescuelaeuropaterna.es\/ca\/wp-json\/wp\/v2\/pages\/463\/revisions"}],"predecessor-version":[{"id":1468,"href":"https:\/\/www.autoescuelaeuropaterna.es\/ca\/wp-json\/wp\/v2\/pages\/463\/revisions\/1468"}],"wp:attachment":[{"href":"https:\/\/www.autoescuelaeuropaterna.es\/ca\/wp-json\/wp\/v2\/media?parent=463"}],"curies":[{"name":"wp","href":"https:\/\/api.w.org\/{rel}","templated":true}]}}