{"id":850,"date":"2018-06-05T19:34:51","date_gmt":"2018-06-05T19:34:51","guid":{"rendered":"http:\/\/www.autoescuelaeuropaterna.es\/?page_id=850"},"modified":"2018-07-03T15:02:49","modified_gmt":"2018-07-03T15:02:49","slug":"aviso-legal","status":"publish","type":"page","link":"https:\/\/www.autoescuelaeuropaterna.es\/ca\/aviso-legal\/","title":{"rendered":"AV\u00cdS LEGAL"},"content":{"rendered":"<p><\/p>\n<h2>AV\u00cdS LEGAL<\/h2>\n<p>En compliment amb el que estableix la Llei 34\/2002, de l\u201911 de juliol, de Serveis de la\u00a0Societat de la Informaci\u00f3 i de Comer\u00e7 Electr\u00f2nic, s\u2019informa als usuaris que la p\u00e0gina\u00a0web \u00e9s titularitat d\u2019AUTOESCUELA EUROPATERNA, S.L. amb CIF B96926456 inscrita al\u00a0Registre Mercantil de Val\u00e8ncia, en el Tom 6488, Llibre 3793, Foli 100, Full V-68924,<br \/>\nInscripci\u00f3 1\u00aa.<\/p>\n<p>Adre\u00e7a fiscal: C\/ Salvador Ferrandis Luna, 19 baix 46980 Paterna (Val\u00e8ncia).<\/p>\n<p>Tel\u00e8fon: 9613888768 \/ WhatsApp: 606988997.<\/p>\n<p>E-mail: autoescuela.europaterna@gmail.com<\/p>\n<p>L\u2019acc\u00e9s i\/o \u00fas d\u2019esta web atribueix la condici\u00f3 d\u2019usuari, comprometent-se a acceptar\u00a0les condicions d\u2019acc\u00e9s que es comuniquen en aquest apartat i fent un \u00fas adequat del\u00a0seu contingut. No es permetr\u00e0 el tractament il\u00b7l\u00edcit i il\u00b7legal de la informaci\u00f3, aix\u00ed com\u00a0qualsevol comportament que vaja en contra dels drets i el principi de bona fe.<\/p>\n<p>La informaci\u00f3 representada en textos, imatges, v\u00eddeos, logos i animacions s\u00f3n\u00a0propietat d\u2019AUTOESCUELA EUROPATERNA, S.L., disposa del dret d\u2019\u00fas o estan\u00a0correctament citades dels seus autors. En qualsevol cas, suposa una informaci\u00f3\u00a0protegida per la llei de Propietat Intel\u00b7lectual i Industrial, quedant totalment prohibida\u00a0la seua utilitzaci\u00f3 amb fins comercials i lucratius sense el consentiment expl\u00edcit del seu\u00a0autor.<\/p>\n<p>En cap cas el titular es far\u00e0 responsable del mal \u00fas dels continguts del web, dels danys\u00a0o perjudicis que puguen ocasionar els errors o omissions en aquesta, ni garantir el seu\u00a0correcte funcionament i utilitat als usuaris. No obstant aix\u00f2, el titular declara que s\u2019han\u00a0adoptat totes les mesures necess\u00e0ries per garantir el funcionament de la web, la\u00a0veracitat i fiabilitat del seu contingut evitant l\u2019exist\u00e8ncia de virus o qualsevol element\u00a0perjudicial mitjan\u00e7ant una cont\u00ednua actualitzaci\u00f3 del seu contingut.<\/p>\n<p>En el cas que la p\u00e0gina web disposara d\u2019enlla\u00e7os i hipervincles cap a altres llocs\u00a0d\u2019Internet, AUTOESCUELA EUROPATERNA, S.L. no realitzar\u00e0 cap tipus de control sobre\u00a0ells, quedant eximit de qualsevol responsabilitat.<\/p>\n<p>Queda prohibida la introducci\u00f3 de virus, malware o qualsevol component que puga\u00a0afectar de manera negativa a la informaci\u00f3, als usuaris i al titular de la p\u00e0gina web.<\/p>","protected":false},"excerpt":{"rendered":"<p>AV\u00cdS LEGAL En compliment amb el que estableix la Llei 34\/2002, de l\u201911 de juliol, de Serveis de la\u00a0Societat de la Informaci\u00f3 i de Comer\u00e7 Electr\u00f2nic, s\u2019informa als usuaris que la p\u00e0gina\u00a0web \u00e9s titularitat d\u2019AUTOESCUELA EUROPATERNA, S.L. amb CIF B96926456 inscrita al\u00a0Registre Mercantil de Val\u00e8ncia, en el Tom 6488, Llibre 3793, Foli 100, Full V-68924,&hellip; <br \/> <a class=\"button small blue\" href=\"https:\/\/www.autoescuelaeuropaterna.es\/ca\/aviso-legal\/\">Read more<\/a><\/p>\n","protected":false},"author":3,"featured_media":0,"parent":0,"menu_order":0,"comment_status":"closed","ping_status":"closed","template":"","meta":{"spay_email":""},"yoast_head":"<!-- This site is optimized with the Yoast SEO plugin v18.2 - https:\/\/yoast.com\/wordpress\/plugins\/seo\/ -->\n<title>AV\u00cdS LEGAL | AUTOESCUELA EUROPATERNA<\/title>\n<meta name=\"robots\" content=\"index, follow, max-snippet:-1, max-image-preview:large, max-video-preview:-1\" \/>\n<link rel=\"canonical\" href=\"https:\/\/www.autoescuelaeuropaterna.es\/aviso-legal\/\" \/>\n<meta property=\"og:locale\" content=\"ca_ES\" \/>\n<meta property=\"og:type\" content=\"article\" \/>\n<meta property=\"og:title\" content=\"[:es]AVISO LEGAL[:ca]AV\u00cdS LEGAL[:] | AUTOESCUELA EUROPATERNA\" \/>\n<meta property=\"og:description\" content=\"AV\u00cdS LEGAL En compliment amb el que estableix la Llei 34\/2002, de l\u201911 de juliol, de Serveis de la\u00a0Societat de la Informaci\u00f3 i de Comer\u00e7 Electr\u00f2nic, s\u2019informa als usuaris que la p\u00e0gina\u00a0web \u00e9s titularitat d\u2019AUTOESCUELA EUROPATERNA, S.L. amb CIF B96926456 inscrita al\u00a0Registre Mercantil de Val\u00e8ncia, en el Tom 6488, Llibre 3793, Foli 100, Full V-68924,&hellip; Read more\" \/>\n<meta property=\"og:url\" content=\"https:\/\/www.autoescuelaeuropaterna.es\/aviso-legal\/\" \/>\n<meta property=\"og:site_name\" content=\"AUTOESCUELA EUROPATERNA\" \/>\n<meta property=\"article:modified_time\" content=\"2018-07-03T15:02:49+00:00\" \/>\n<meta name=\"twitter:card\" content=\"summary_large_image\" \/>\n<meta name=\"twitter:label1\" content=\"Temps estimat de lectura\" \/>\n\t<meta name=\"twitter:data1\" content=\"4 minuts\" \/>\n<script type=\"application\/ld+json\" class=\"yoast-schema-graph\">{\"@context\":\"https:\/\/schema.org\",\"@graph\":[{\"@type\":\"Organization\",\"@id\":\"https:\/\/www.autoescuelaeuropaterna.es\/ca\/#organization\",\"name\":\"AUTOESCUELA EUROPATERNA S.L\",\"url\":\"https:\/\/www.autoescuelaeuropaterna.es\/ca\/\",\"sameAs\":[],\"logo\":{\"@type\":\"ImageObject\",\"@id\":\"https:\/\/www.autoescuelaeuropaterna.es\/ca\/#logo\",\"inLanguage\":\"ca\",\"url\":\"https:\/\/i0.wp.com\/www.autoescuelaeuropaterna.es\/wp-content\/uploads\/2018\/01\/cropped-logobueno.png?fit=3378%2C1576&ssl=1\",\"contentUrl\":\"https:\/\/i0.wp.com\/www.autoescuelaeuropaterna.es\/wp-content\/uploads\/2018\/01\/cropped-logobueno.png?fit=3378%2C1576&ssl=1\",\"width\":3378,\"height\":1576,\"caption\":\"AUTOESCUELA EUROPATERNA S.L\"},\"image\":{\"@id\":\"https:\/\/www.autoescuelaeuropaterna.es\/ca\/#logo\"}},{\"@type\":\"WebSite\",\"@id\":\"https:\/\/www.autoescuelaeuropaterna.es\/ca\/#website\",\"url\":\"https:\/\/www.autoescuelaeuropaterna.es\/ca\/\",\"name\":\"AUTOESCUELA EUROPATERNA\",\"description\":\"\",\"publisher\":{\"@id\":\"https:\/\/www.autoescuelaeuropaterna.es\/ca\/#organization\"},\"potentialAction\":[{\"@type\":\"SearchAction\",\"target\":{\"@type\":\"EntryPoint\",\"urlTemplate\":\"https:\/\/www.autoescuelaeuropaterna.es\/ca\/?s={search_term_string}\"},\"query-input\":\"required name=search_term_string\"}],\"inLanguage\":\"ca\"},{\"@type\":\"WebPage\",\"@id\":\"https:\/\/www.autoescuelaeuropaterna.es\/aviso-legal\/#webpage\",\"url\":\"https:\/\/www.autoescuelaeuropaterna.es\/aviso-legal\/\",\"name\":\"[:es]AVISO LEGAL[:ca]AV\u00cdS LEGAL[:] | AUTOESCUELA EUROPATERNA\",\"isPartOf\":{\"@id\":\"https:\/\/www.autoescuelaeuropaterna.es\/ca\/#website\"},\"datePublished\":\"2018-06-05T19:34:51+00:00\",\"dateModified\":\"2018-07-03T15:02:49+00:00\",\"breadcrumb\":{\"@id\":\"https:\/\/www.autoescuelaeuropaterna.es\/aviso-legal\/#breadcrumb\"},\"inLanguage\":\"ca\",\"potentialAction\":[{\"@type\":\"ReadAction\",\"target\":[\"https:\/\/www.autoescuelaeuropaterna.es\/aviso-legal\/\"]}]},{\"@type\":\"BreadcrumbList\",\"@id\":\"https:\/\/www.autoescuelaeuropaterna.es\/aviso-legal\/#breadcrumb\",\"itemListElement\":[{\"@type\":\"ListItem\",\"position\":1,\"name\":\"Portada\",\"item\":\"https:\/\/www.autoescuelaeuropaterna.es\/ca\/\"},{\"@type\":\"ListItem\",\"position\":2,\"name\":\"AVISO LEGAL\"}]}]}<\/script>\n<!-- \/ Yoast SEO plugin. -->","yoast_head_json":{"title":"[:es]AVISO LEGAL[:ca]AV\u00cdS LEGAL[:] | AUTOESCUELA EUROPATERNA","robots":{"index":"index","follow":"follow","max-snippet":"max-snippet:-1","max-image-preview":"max-image-preview:large","max-video-preview":"max-video-preview:-1"},"canonical":"https:\/\/www.autoescuelaeuropaterna.es\/aviso-legal\/","og_locale":"ca_ES","og_type":"article","og_title":"[:es]AVISO LEGAL[:ca]AV\u00cdS LEGAL[:] | AUTOESCUELA EUROPATERNA","og_description":"AV\u00cdS LEGAL En compliment amb el que estableix la Llei 34\/2002, de l\u201911 de juliol, de Serveis de la\u00a0Societat de la Informaci\u00f3 i de Comer\u00e7 Electr\u00f2nic, s\u2019informa als usuaris que la p\u00e0gina\u00a0web \u00e9s titularitat d\u2019AUTOESCUELA EUROPATERNA, S.L. amb CIF B96926456 inscrita al\u00a0Registre Mercantil de Val\u00e8ncia, en el Tom 6488, Llibre 3793, Foli 100, Full V-68924,&hellip; Read more","og_url":"https:\/\/www.autoescuelaeuropaterna.es\/aviso-legal\/","og_site_name":"AUTOESCUELA EUROPATERNA","article_modified_time":"2018-07-03T15:02:49+00:00","twitter_card":"summary_large_image","twitter_misc":{"Temps estimat de lectura":"4 minuts"},"schema":{"@context":"https:\/\/schema.org","@graph":[{"@type":"Organization","@id":"https:\/\/www.autoescuelaeuropaterna.es\/ca\/#organization","name":"AUTOESCUELA EUROPATERNA S.L","url":"https:\/\/www.autoescuelaeuropaterna.es\/ca\/","sameAs":[],"logo":{"@type":"ImageObject","@id":"https:\/\/www.autoescuelaeuropaterna.es\/ca\/#logo","inLanguage":"ca","url":"https:\/\/i0.wp.com\/www.autoescuelaeuropaterna.es\/wp-content\/uploads\/2018\/01\/cropped-logobueno.png?fit=3378%2C1576&ssl=1","contentUrl":"https:\/\/i0.wp.com\/www.autoescuelaeuropaterna.es\/wp-content\/uploads\/2018\/01\/cropped-logobueno.png?fit=3378%2C1576&ssl=1","width":3378,"height":1576,"caption":"AUTOESCUELA EUROPATERNA S.L"},"image":{"@id":"https:\/\/www.autoescuelaeuropaterna.es\/ca\/#logo"}},{"@type":"WebSite","@id":"https:\/\/www.autoescuelaeuropaterna.es\/ca\/#website","url":"https:\/\/www.autoescuelaeuropaterna.es\/ca\/","name":"AUTOESCUELA EUROPATERNA","description":"","publisher":{"@id":"https:\/\/www.autoescuelaeuropaterna.es\/ca\/#organization"},"potentialAction":[{"@type":"SearchAction","target":{"@type":"EntryPoint","urlTemplate":"https:\/\/www.autoescuelaeuropaterna.es\/ca\/?s={search_term_string}"},"query-input":"required name=search_term_string"}],"inLanguage":"ca"},{"@type":"WebPage","@id":"https:\/\/www.autoescuelaeuropaterna.es\/aviso-legal\/#webpage","url":"https:\/\/www.autoescuelaeuropaterna.es\/aviso-legal\/","name":"[:es]AVISO LEGAL[:ca]AV\u00cdS LEGAL[:] | AUTOESCUELA EUROPATERNA","isPartOf":{"@id":"https:\/\/www.autoescuelaeuropaterna.es\/ca\/#website"},"datePublished":"2018-06-05T19:34:51+00:00","dateModified":"2018-07-03T15:02:49+00:00","breadcrumb":{"@id":"https:\/\/www.autoescuelaeuropaterna.es\/aviso-legal\/#breadcrumb"},"inLanguage":"ca","potentialAction":[{"@type":"ReadAction","target":["https:\/\/www.autoescuelaeuropaterna.es\/aviso-legal\/"]}]},{"@type":"BreadcrumbList","@id":"https:\/\/www.autoescuelaeuropaterna.es\/aviso-legal\/#breadcrumb","itemListElement":[{"@type":"ListItem","position":1,"name":"Portada","item":"https:\/\/www.autoescuelaeuropaterna.es\/ca\/"},{"@type":"ListItem","position":2,"name":"AVISO LEGAL"}]}]}},"jetpack_sharing_enabled":true,"jetpack_shortlink":"https:\/\/wp.me\/PaiNOW-dI","_links":{"self":[{"href":"https:\/\/www.autoescuelaeuropaterna.es\/ca\/wp-json\/wp\/v2\/pages\/850"}],"collection":[{"href":"https:\/\/www.autoescuelaeuropaterna.es\/ca\/wp-json\/wp\/v2\/pages"}],"about":[{"href":"https:\/\/www.autoescuelaeuropaterna.es\/ca\/wp-json\/wp\/v2\/types\/page"}],"author":[{"embeddable":true,"href":"https:\/\/www.autoescuelaeuropaterna.es\/ca\/wp-json\/wp\/v2\/users\/3"}],"replies":[{"embeddable":true,"href":"https:\/\/www.autoescuelaeuropaterna.es\/ca\/wp-json\/wp\/v2\/comments?post=850"}],"version-history":[{"count":0,"href":"https:\/\/www.autoescuelaeuropaterna.es\/ca\/wp-json\/wp\/v2\/pages\/850\/revisions"}],"wp:attachment":[{"href":"https:\/\/www.autoescuelaeuropaterna.es\/ca\/wp-json\/wp\/v2\/media?parent=850"}],"curies":[{"name":"wp","href":"https:\/\/api.w.org\/{rel}","templated":true}]}}